{"id":136,"date":"2023-07-05T09:40:13","date_gmt":"2023-07-05T09:40:13","guid":{"rendered":"https:\/\/51487.dk\/?page_id=136"},"modified":"2024-10-31T08:31:26","modified_gmt":"2024-10-31T07:31:26","slug":"hypoestes","status":"publish","type":"page","link":"https:\/\/51487.dk\/?page_id=136","title":{"rendered":"HYPOESTES"},"content":{"rendered":"<p>[et_pb_section fb_built=&#8221;1&#8243; _builder_version=&#8221;4.21.0&#8243; _module_preset=&#8221;default&#8221; global_colors_info=&#8221;{}&#8221;][et_pb_row _builder_version=&#8221;4.21.0&#8243; _module_preset=&#8221;default&#8221; global_colors_info=&#8221;{}&#8221;][et_pb_column type=&#8221;4_4&#8243; _builder_version=&#8221;4.21.0&#8243; _module_preset=&#8221;default&#8221; global_colors_info=&#8221;{}&#8221;][et_pb_text _builder_version=&#8221;4.21.0&#8243; _module_preset=&#8221;default&#8221; global_colors_info=&#8221;{}&#8221;]<\/p>\n<h1><span>Hypoestes phyllostachya<\/span><\/h1>\n<h3><em>Fregnefj\u00e6s<\/em><\/h3>\n<p>[\/et_pb_text][et_pb_divider _builder_version=&#8221;4.21.0&#8243; _module_preset=&#8221;default&#8221; global_colors_info=&#8221;{}&#8221;][\/et_pb_divider][et_pb_text _builder_version=&#8221;4.21.0&#8243; _module_preset=&#8221;default&#8221; global_colors_info=&#8221;{}&#8221;]<\/p>\n<h2><span>Hypoestes 11 cm<\/span><em><\/em><\/h2>\n<p>[\/et_pb_text][et_pb_gallery gallery_ids=&#8221;293,291,292,290&#8243; posts_number=&#8221;12&#8243; show_pagination=&#8221;off&#8221; zoom_icon_color=&#8221;#016BBC&#8221; hover_overlay_color=&#8221;rgba(88,145,188,0.64)&#8221; _builder_version=&#8221;4.21.0&#8243; _module_preset=&#8221;default&#8221; animation_style=&#8221;zoom&#8221; animation_duration=&#8221;1700ms&#8221; global_colors_info=&#8221;{}&#8221;][\/et_pb_gallery][et_pb_text _builder_version=&#8221;4.21.0&#8243; _module_preset=&#8221;default&#8221; global_colors_info=&#8221;{}&#8221;]<\/p>\n<h2><span>Hypoestes 9 cm<\/span><em><\/em><\/h2>\n<p>[\/et_pb_text][et_pb_gallery gallery_ids=&#8221;289,288,286,287&#8243; posts_number=&#8221;12&#8243; show_pagination=&#8221;off&#8221; zoom_icon_color=&#8221;#016BBC&#8221; hover_overlay_color=&#8221;rgba(88,145,188,0.64)&#8221; _builder_version=&#8221;4.21.0&#8243; _module_preset=&#8221;default&#8221; animation_style=&#8221;zoom&#8221; animation_duration=&#8221;1700ms&#8221; global_colors_info=&#8221;{}&#8221;][\/et_pb_gallery][et_pb_text _builder_version=&#8221;4.21.0&#8243; _module_preset=&#8221;default&#8221; global_colors_info=&#8221;{}&#8221;]<\/p>\n<h2><span>Hypoestes 6 cm<\/span><em><\/em><\/h2>\n<p>[\/et_pb_text][et_pb_gallery gallery_ids=&#8221;285,283,284&#8243; posts_number=&#8221;12&#8243; show_pagination=&#8221;off&#8221; zoom_icon_color=&#8221;#016BBC&#8221; hover_overlay_color=&#8221;rgba(88,145,188,0.64)&#8221; _builder_version=&#8221;4.21.0&#8243; _module_preset=&#8221;default&#8221; animation_style=&#8221;zoom&#8221; animation_duration=&#8221;1700ms&#8221; global_colors_info=&#8221;{}&#8221;][\/et_pb_gallery][et_pb_text _builder_version=&#8221;4.21.0&#8243; _module_preset=&#8221;default&#8221; header_6_font_size=&#8221;10px&#8221; global_colors_info=&#8221;{}&#8221;]<\/p>\n<h1>\u00a0Fakta om planten<\/h1>\n<table style=\"height: 532px; width: 106.4327485380117%; border-collapse: collapse;\" height=\"532\" border=\"1\">\n<tbody>\n<tr>\n<td style=\"width: 50%;\"><span><b>Familie:<\/b><\/span><\/td>\n<td style=\"width: 50%;\"><span>Acanthaceae<\/span><\/td>\n<\/tr>\n<tr>\n<td style=\"width: 50%;\"><span><b>Navn<\/b><\/span><\/td>\n<td style=\"width: 50%;\"><span>Hypoestes phyllostachya<\/span><\/td>\n<\/tr>\n<tr>\n<td style=\"width: 50%;\"><span><b>Popul\u00e6rnavn<\/b><\/span><\/td>\n<td style=\"width: 50%;\"><span>Fregnefj\u00e6s<\/span><\/td>\n<\/tr>\n<tr>\n<td style=\"width: 50%;\"><span><b>Vanding<\/b><\/span><\/td>\n<td style=\"width: 50%;\"><span>Hold pottejorden j\u00e6vnt fugtig<\/span><\/td>\n<\/tr>\n<tr>\n<td style=\"width: 50%;\"><span><b>G\u00f8dning<\/b><\/span><\/td>\n<td style=\"width: 50%;\"><span>Ca. hver tredje vanding i v\u00e6kstperioden.<\/span><\/td>\n<\/tr>\n<tr>\n<td style=\"width: 50%;\"><span><b>Placering<\/b><\/span><\/td>\n<td style=\"width: 50%;\"><span>Inde<\/span><\/td>\n<\/tr>\n<tr>\n<td style=\"width: 50%;\"><span><b>Lysbehov<\/b><\/span><\/td>\n<td style=\"width: 50%;\"><span>Trives bedst p\u00e5 en lys placering, men t\u00e5ler ikke direkte sol<\/span><\/td>\n<\/tr>\n<tr>\n<td style=\"width: 50%;\"><span><b>Oprindelse<\/b><\/span><\/td>\n<td style=\"width: 50%;\"><span>Afrika<\/span><\/td>\n<\/tr>\n<tr>\n<td style=\"width: 50%;\"><span><b>Anvendelse<\/b><\/span><\/td>\n<td style=\"width: 50%;\"><span>Stueplante under generelle forhold<\/span><\/td>\n<\/tr>\n<tr>\n<td style=\"width: 50%;\"><span><b>S\u00e6son<\/b><\/span><\/td>\n<td style=\"width: 50%;\"><span>jan-dec<\/span><\/td>\n<\/tr>\n<\/tbody>\n<\/table>\n<h6><em>Kilde: Flora Dania<\/em><\/h6>\n<p>[\/et_pb_text][et_pb_divider _builder_version=&#8221;4.21.0&#8243; _module_preset=&#8221;default&#8221; global_colors_info=&#8221;{}&#8221;][\/et_pb_divider][\/et_pb_column][\/et_pb_row][\/et_pb_section]<\/p>\n","protected":false},"excerpt":{"rendered":"<p>Hypoestes phyllostachya Fregnefj\u00e6sHypoestes 11 cmHypoestes 9 cmHypoestes 6 cm\u00a0Fakta om planten Familie: Acanthaceae Navn Hypoestes phyllostachya Popul\u00e6rnavn Fregnefj\u00e6s Vanding Hold pottejorden j\u00e6vnt fugtig G\u00f8dning Ca. hver tredje vanding i v\u00e6kstperioden. Placering Inde Lysbehov Trives bedst p\u00e5 en lys placering, men t\u00e5ler ikke direkte sol Oprindelse Afrika Anvendelse Stueplante under generelle forhold S\u00e6son jan-dec Kilde: Flora [&hellip;]<\/p>\n","protected":false},"author":2,"featured_media":0,"parent":0,"menu_order":0,"comment_status":"closed","ping_status":"closed","template":"","meta":{"_et_pb_use_builder":"on","_et_pb_old_content":"","_et_gb_content_width":"","footnotes":""},"class_list":["post-136","page","type-page","status-publish","hentry"],"_links":{"self":[{"href":"https:\/\/51487.dk\/index.php?rest_route=\/wp\/v2\/pages\/136","targetHints":{"allow":["GET"]}}],"collection":[{"href":"https:\/\/51487.dk\/index.php?rest_route=\/wp\/v2\/pages"}],"about":[{"href":"https:\/\/51487.dk\/index.php?rest_route=\/wp\/v2\/types\/page"}],"author":[{"embeddable":true,"href":"https:\/\/51487.dk\/index.php?rest_route=\/wp\/v2\/users\/2"}],"replies":[{"embeddable":true,"href":"https:\/\/51487.dk\/index.php?rest_route=%2Fwp%2Fv2%2Fcomments&post=136"}],"version-history":[{"count":10,"href":"https:\/\/51487.dk\/index.php?rest_route=\/wp\/v2\/pages\/136\/revisions"}],"predecessor-version":[{"id":546,"href":"https:\/\/51487.dk\/index.php?rest_route=\/wp\/v2\/pages\/136\/revisions\/546"}],"wp:attachment":[{"href":"https:\/\/51487.dk\/index.php?rest_route=%2Fwp%2Fv2%2Fmedia&parent=136"}],"curies":[{"name":"wp","href":"https:\/\/api.w.org\/{rel}","templated":true}]}}