{"id":159,"date":"2023-07-05T09:44:32","date_gmt":"2023-07-05T09:44:32","guid":{"rendered":"https:\/\/51487.dk\/?page_id=159"},"modified":"2023-07-10T13:09:16","modified_gmt":"2023-07-10T11:09:16","slug":"nicotiana","status":"publish","type":"page","link":"https:\/\/51487.dk\/?page_id=159","title":{"rendered":"NICOTIANA"},"content":{"rendered":"<p>[et_pb_section fb_built=&#8221;1&#8243; _builder_version=&#8221;4.21.0&#8243; _module_preset=&#8221;default&#8221; global_colors_info=&#8221;{}&#8221;][et_pb_row _builder_version=&#8221;4.21.0&#8243; _module_preset=&#8221;default&#8221; global_colors_info=&#8221;{}&#8221;][et_pb_column type=&#8221;4_4&#8243; _builder_version=&#8221;4.21.0&#8243; _module_preset=&#8221;default&#8221; global_colors_info=&#8221;{}&#8221;][et_pb_text _builder_version=&#8221;4.21.0&#8243; _module_preset=&#8221;default&#8221; global_colors_info=&#8221;{}&#8221;]<\/p>\n<h1><span>Nicotiana<\/span><\/h1>\n<h3><em>Prydtobak<\/em><\/h3>\n<p>[\/et_pb_text][et_pb_divider _builder_version=&#8221;4.21.0&#8243; _module_preset=&#8221;default&#8221; global_colors_info=&#8221;{}&#8221;][\/et_pb_divider][et_pb_gallery gallery_ids=&#8221;321,322,320,318,319,316,317&#8243; posts_number=&#8221;6&#8243; orientation=&#8221;portrait&#8221; show_pagination=&#8221;off&#8221; zoom_icon_color=&#8221;#016BBC&#8221; hover_overlay_color=&#8221;rgba(88,145,188,0.64)&#8221; _builder_version=&#8221;4.21.0&#8243; _module_preset=&#8221;default&#8221; animation_style=&#8221;zoom&#8221; animation_duration=&#8221;1700ms&#8221; global_colors_info=&#8221;{}&#8221;][\/et_pb_gallery][et_pb_text _builder_version=&#8221;4.21.0&#8243; _module_preset=&#8221;default&#8221; header_6_font_size=&#8221;10px&#8221; hover_enabled=&#8221;0&#8243; global_colors_info=&#8221;{}&#8221; sticky_enabled=&#8221;0&#8243;]<\/p>\n<p>&nbsp;<\/p>\n<table style=\"height: 532px; width: 106.4327485380117%; border-collapse: collapse;\" height=\"532\" border=\"1\">\n<tbody>\n<tr>\n<td style=\"width: 50%;\"><span><b>Familie:<\/b><\/span><\/td>\n<td style=\"width: 50%;\">Solanaceae<\/td>\n<\/tr>\n<tr>\n<td style=\"width: 50%;\"><span><b>Navn<\/b><\/span><\/td>\n<td style=\"width: 50%;\">Nicotiana alata<span>\u00a0<\/span><\/td>\n<\/tr>\n<tr>\n<td style=\"width: 50%;\"><span><b>Popul\u00e6rnavn<\/b><\/span><\/td>\n<td style=\"width: 50%;\"><span>Prydtobak<\/span><\/td>\n<\/tr>\n<tr>\n<td style=\"width: 50%;\"><span><b>Vanding<\/b><\/span><\/td>\n<td style=\"width: 50%;\"><span>Hold pottejorden konstant fugtig, men undlad at overvande.<\/span><\/td>\n<\/tr>\n<tr>\n<td style=\"width: 50%;\"><span><b>G\u0448dning<\/b><\/span><\/td>\n<td style=\"width: 50%;\"><span>Ca. hver tredje vanding i v\u00e6kstperioden.<\/span><\/td>\n<\/tr>\n<tr>\n<td style=\"width: 50%;\"><span><b>Placering<\/b><\/span><\/td>\n<td style=\"width: 50%;\"><span>Ude \/ Inde<br \/><\/span><\/td>\n<\/tr>\n<tr>\n<td style=\"width: 50%;\"><span><b>Lysbehov<\/b><\/span><\/td>\n<td style=\"width: 50%;\"><span>Trives bedst i direkte sol.<\/span><\/td>\n<\/tr>\n<tr>\n<td style=\"width: 50%;\"><span><b>Oprindelse<\/b><\/span><\/td>\n<td style=\"width: 50%;\">Sydamerika<span>\u00a0<\/span><\/td>\n<\/tr>\n<tr>\n<td style=\"width: 50%;\"><span><b>Anvendelse<\/b><\/span><\/td>\n<td style=\"width: 50%;\"><span>Et\u00e5rig udplantningsplante, som t\u00e5ler udplantning, n\u00e5r der ikke l\u00e6ngere er nattefrost.<\/span><\/td>\n<\/tr>\n<tr>\n<td style=\"width: 50%;\"><span><b>S\u00e6son<\/b><\/span><\/td>\n<td style=\"width: 50%;\"><span>apr-jun<\/span><\/td>\n<\/tr>\n<tr>\n<td style=\"width: 50%;\"><span><b>Funktion<br \/><\/b><\/span><\/td>\n<td style=\"width: 50%;\"><span>Udplantningsplanter &#8211; krukkeplanter<\/span><\/td>\n<\/tr>\n<\/tbody>\n<\/table>\n<h6><em>Kilde: Flora Dania<\/em><\/h6>\n<p>[\/et_pb_text][et_pb_divider _builder_version=&#8221;4.21.0&#8243; _module_preset=&#8221;default&#8221; global_colors_info=&#8221;{}&#8221;][\/et_pb_divider][\/et_pb_column][\/et_pb_row][\/et_pb_section]<\/p>\n","protected":false},"excerpt":{"rendered":"<p>Nicotiana Prydtobak&nbsp; Familie: Solanaceae Navn Nicotiana alata\u00a0 Popul\u00e6rnavn Prydtobak Vanding Hold pottejorden konstant fugtig, men undlad at overvande. G\u0448dning Ca. hver tredje vanding i v\u00e6kstperioden. Placering Ude \/ Inde Lysbehov Trives bedst i direkte sol. Oprindelse Sydamerika\u00a0 Anvendelse Et\u00e5rig udplantningsplante, som t\u00e5ler udplantning, n\u00e5r der ikke l\u00e6ngere er nattefrost. S\u00e6son apr-jun Funktion Udplantningsplanter &#8211; krukkeplanter [&hellip;]<\/p>\n","protected":false},"author":2,"featured_media":0,"parent":0,"menu_order":0,"comment_status":"closed","ping_status":"closed","template":"","meta":{"_et_pb_use_builder":"on","_et_pb_old_content":"","_et_gb_content_width":"","footnotes":""},"class_list":["post-159","page","type-page","status-publish","hentry"],"_links":{"self":[{"href":"https:\/\/51487.dk\/index.php?rest_route=\/wp\/v2\/pages\/159","targetHints":{"allow":["GET"]}}],"collection":[{"href":"https:\/\/51487.dk\/index.php?rest_route=\/wp\/v2\/pages"}],"about":[{"href":"https:\/\/51487.dk\/index.php?rest_route=\/wp\/v2\/types\/page"}],"author":[{"embeddable":true,"href":"https:\/\/51487.dk\/index.php?rest_route=\/wp\/v2\/users\/2"}],"replies":[{"embeddable":true,"href":"https:\/\/51487.dk\/index.php?rest_route=%2Fwp%2Fv2%2Fcomments&post=159"}],"version-history":[{"count":4,"href":"https:\/\/51487.dk\/index.php?rest_route=\/wp\/v2\/pages\/159\/revisions"}],"predecessor-version":[{"id":373,"href":"https:\/\/51487.dk\/index.php?rest_route=\/wp\/v2\/pages\/159\/revisions\/373"}],"wp:attachment":[{"href":"https:\/\/51487.dk\/index.php?rest_route=%2Fwp%2Fv2%2Fmedia&parent=159"}],"curies":[{"name":"wp","href":"https:\/\/api.w.org\/{rel}","templated":true}]}}