{"id":160,"date":"2023-07-05T09:44:32","date_gmt":"2023-07-05T09:44:32","guid":{"rendered":"https:\/\/51487.dk\/?page_id=160"},"modified":"2023-07-06T12:51:22","modified_gmt":"2023-07-06T10:51:22","slug":"calceolaria","status":"publish","type":"page","link":"https:\/\/51487.dk\/?page_id=160","title":{"rendered":"CALCEOLARIA"},"content":{"rendered":"<p>[et_pb_section fb_built=&#8221;1&#8243; theme_builder_area=&#8221;post_content&#8221; _builder_version=&#8221;4.21.0&#8243; _module_preset=&#8221;default&#8221;][\/et_pb_section][et_pb_section fb_built=&#8221;1&#8243; _builder_version=&#8221;4.21.0&#8243; _module_preset=&#8221;default&#8221; global_colors_info=&#8221;{}&#8221; theme_builder_area=&#8221;post_content&#8221;][et_pb_row _builder_version=&#8221;4.21.0&#8243; _module_preset=&#8221;default&#8221; global_colors_info=&#8221;{}&#8221; theme_builder_area=&#8221;post_content&#8221;][et_pb_column type=&#8221;4_4&#8243; _builder_version=&#8221;4.21.0&#8243; _module_preset=&#8221;default&#8221; global_colors_info=&#8221;{}&#8221; theme_builder_area=&#8221;post_content&#8221;][et_pb_text _builder_version=&#8221;4.21.0&#8243; _module_preset=&#8221;default&#8221; hover_enabled=&#8221;0&#8243; global_colors_info=&#8221;{}&#8221; theme_builder_area=&#8221;post_content&#8221; sticky_enabled=&#8221;0&#8243;]<\/p>\n<h1><span>Calceolaria hybrid<\/span><\/h1>\n<h3><em>Stuet\u00f8ffelblomst<\/em><\/h3>\n<p>[\/et_pb_text][et_pb_divider _builder_version=&#8221;4.21.0&#8243; _module_preset=&#8221;default&#8221; global_colors_info=&#8221;{}&#8221; theme_builder_area=&#8221;post_content&#8221;][\/et_pb_divider][et_pb_gallery gallery_ids=&#8221;275,276,277,278&#8243; show_pagination=&#8221;off&#8221; zoom_icon_color=&#8221;#016BBC&#8221; hover_overlay_color=&#8221;rgba(88,145,188,0.64)&#8221; _builder_version=&#8221;4.21.0&#8243; _module_preset=&#8221;default&#8221; animation_style=&#8221;zoom&#8221; animation_duration=&#8221;1700ms&#8221; hover_enabled=&#8221;0&#8243; global_colors_info=&#8221;{}&#8221; theme_builder_area=&#8221;post_content&#8221; sticky_enabled=&#8221;0&#8243;][\/et_pb_gallery][et_pb_text _builder_version=&#8221;4.21.0&#8243; _module_preset=&#8221;default&#8221; header_6_font_size=&#8221;10px&#8221; hover_enabled=&#8221;0&#8243; global_colors_info=&#8221;{}&#8221; theme_builder_area=&#8221;post_content&#8221; sticky_enabled=&#8221;0&#8243;]<\/p>\n<p>&nbsp;<\/p>\n<table border=\"1\" style=\"height: 532px; width: 106.4327485380117%; border-collapse: collapse;\" height=\"532\">\n<tbody>\n<tr>\n<td style=\"width: 50%;\"><span><b>Familie:<\/b><\/span><\/td>\n<td style=\"width: 50%;\"><span>Scrophulariaceae<\/span><\/td>\n<\/tr>\n<tr>\n<td style=\"width: 50%;\"><span><b>Navn<\/b><\/span><\/td>\n<td style=\"width: 50%;\"><span>Calceolaria hybrid<\/span><\/td>\n<\/tr>\n<tr>\n<td style=\"width: 50%;\"><span><b>Popul\u00e6rnavn<\/b><\/span><\/td>\n<td style=\"width: 50%;\"><span>Stuet\u00f8ffelblomst<\/span><\/td>\n<\/tr>\n<tr>\n<td style=\"width: 50%;\"><span><b>Vanding<\/b><\/span><\/td>\n<td style=\"width: 50%;\"><span>Hold pottejorden konstant fugtig, men undlad at overvande.<\/span><\/td>\n<\/tr>\n<tr>\n<td style=\"width: 50%;\"><span><b>G\u0448dning<\/b><\/span><\/td>\n<td style=\"width: 50%;\"><span>Ca. hver tredje vanding i v\u00e6kstperioden.<\/span><\/td>\n<\/tr>\n<tr>\n<td style=\"width: 50%;\"><span><b>Placering<\/b><\/span><\/td>\n<td style=\"width: 50%;\"><span>Inde<\/span><\/td>\n<\/tr>\n<tr>\n<td style=\"width: 50%;\"><span><b>Lysbehov<\/b><\/span><\/td>\n<td style=\"width: 50%;\"><span>Trives bedst p\u00e5 en lys placering, men t\u00e5ler ikke direkte sol.<\/span><\/td>\n<\/tr>\n<tr>\n<td style=\"width: 50%;\"><span><b>Oprindelse<\/b><\/span><\/td>\n<td style=\"width: 50%;\"><\/td>\n<\/tr>\n<tr>\n<td style=\"width: 50%;\"><span><b>Anvendelse<\/b><\/span><\/td>\n<td style=\"width: 50%;\"><span>Stueplante under generelle forhold<\/span><\/td>\n<\/tr>\n<tr>\n<td style=\"width: 50%;\"><span><b>S\u00e6son<\/b><\/span><\/td>\n<td style=\"width: 50%;\"><span>jan-mar, okt-dec<\/span><\/td>\n<\/tr>\n<\/tbody>\n<\/table>\n<h6><em>Kilde: Flora Dania<\/em><\/h6>\n<p>[\/et_pb_text][et_pb_divider _builder_version=&#8221;4.21.0&#8243; _module_preset=&#8221;default&#8221; global_colors_info=&#8221;{}&#8221; theme_builder_area=&#8221;post_content&#8221;][\/et_pb_divider][\/et_pb_column][\/et_pb_row][\/et_pb_section]<\/p>\n","protected":false},"excerpt":{"rendered":"<p>Calceolaria hybrid Stuet\u00f8ffelblomst&nbsp; Familie: Scrophulariaceae Navn Calceolaria hybrid Popul\u00e6rnavn Stuet\u00f8ffelblomst Vanding Hold pottejorden konstant fugtig, men undlad at overvande. G\u0448dning Ca. hver tredje vanding i v\u00e6kstperioden. Placering Inde Lysbehov Trives bedst p\u00e5 en lys placering, men t\u00e5ler ikke direkte sol. Oprindelse Anvendelse Stueplante under generelle forhold S\u00e6son jan-mar, okt-dec Kilde: Flora Dania<\/p>\n","protected":false},"author":2,"featured_media":0,"parent":0,"menu_order":0,"comment_status":"closed","ping_status":"closed","template":"","meta":{"_et_pb_use_builder":"on","_et_pb_old_content":"","_et_gb_content_width":"","footnotes":""},"class_list":["post-160","page","type-page","status-publish","hentry"],"_links":{"self":[{"href":"https:\/\/51487.dk\/index.php?rest_route=\/wp\/v2\/pages\/160","targetHints":{"allow":["GET"]}}],"collection":[{"href":"https:\/\/51487.dk\/index.php?rest_route=\/wp\/v2\/pages"}],"about":[{"href":"https:\/\/51487.dk\/index.php?rest_route=\/wp\/v2\/types\/page"}],"author":[{"embeddable":true,"href":"https:\/\/51487.dk\/index.php?rest_route=\/wp\/v2\/users\/2"}],"replies":[{"embeddable":true,"href":"https:\/\/51487.dk\/index.php?rest_route=%2Fwp%2Fv2%2Fcomments&post=160"}],"version-history":[{"count":3,"href":"https:\/\/51487.dk\/index.php?rest_route=\/wp\/v2\/pages\/160\/revisions"}],"predecessor-version":[{"id":279,"href":"https:\/\/51487.dk\/index.php?rest_route=\/wp\/v2\/pages\/160\/revisions\/279"}],"wp:attachment":[{"href":"https:\/\/51487.dk\/index.php?rest_route=%2Fwp%2Fv2%2Fmedia&parent=160"}],"curies":[{"name":"wp","href":"https:\/\/api.w.org\/{rel}","templated":true}]}}