{"id":32,"date":"2023-06-20T10:23:51","date_gmt":"2023-06-20T10:23:51","guid":{"rendered":"https:\/\/51487.dk\/?page_id=32"},"modified":"2024-11-05T11:02:15","modified_gmt":"2024-11-05T10:02:15","slug":"velkommen","status":"publish","type":"page","link":"https:\/\/51487.dk\/","title":{"rendered":"VELKOMMEN"},"content":{"rendered":"<p>[et_pb_section fb_built=&#8221;1&#8243; _builder_version=&#8221;4.21.0&#8243; _module_preset=&#8221;default&#8221; global_colors_info=&#8221;{}&#8221;][et_pb_row column_structure=&#8221;2_5,3_5&#8243; _builder_version=&#8221;4.21.0&#8243; _module_preset=&#8221;default&#8221; custom_padding=&#8221;0px|||||&#8221; global_colors_info=&#8221;{}&#8221;][et_pb_column type=&#8221;2_5&#8243; _builder_version=&#8221;4.21.0&#8243; _module_preset=&#8221;default&#8221; global_colors_info=&#8221;{}&#8221;][et_pb_image src=&#8221;https:\/\/51487.dk\/wp-content\/uploads\/2023\/07\/Hyp-1.jpg&#8221; title_text=&#8221;Hyp-1&#8243; _builder_version=&#8221;4.21.0&#8243; _module_preset=&#8221;default&#8221; border_radii=&#8221;on|842px|842px|842px|842px&#8221; border_color_all=&#8221;#016BBC&#8221; box_shadow_style=&#8221;preset1&#8243; global_colors_info=&#8221;{}&#8221;][\/et_pb_image][\/et_pb_column][et_pb_column type=&#8221;3_5&#8243; _builder_version=&#8221;4.21.0&#8243; _module_preset=&#8221;default&#8221; global_colors_info=&#8221;{}&#8221;][et_pb_text _builder_version=&#8221;4.21.0&#8243; _module_preset=&#8221;default&#8221; text_letter_spacing=&#8221;1px&#8221; header_line_height=&#8221;1.1em&#8221; global_colors_info=&#8221;{}&#8221;]<\/p>\n<h1><strong><span lang=\"EN-US\">Family Plants tilbyder en bred vifte\u00a0<\/span><\/strong><strong><span lang=\"EN-US\">af b\u00e5de prydplanter og spiselige planter<\/span><\/strong><\/h1>\n<div><\/div>\n<div>\n<p><span>Family Plants producerer Hypoestes hele \u00e5ret rundt. S\u00e6sonen fra januar til april \u00a0Primula malacoides (Syrenprimula), Antirrhinum (L\u00f8vemund) og Nicotiana (Prydtobak), Calceolaria (T\u00f8ffelblomst) og Viola Cornutta (Hornviol).<\/span><\/p>\n<p><span>Under varem\u00e6rket &#8220;Krydderhaven&#8221; produceres en bred vifte af krydderurter.<\/span><\/p>\n<p><span>\u00a0<\/span><span>Det seneste er en serie gr\u00f8ntsagsplanter, der s\u00e6lges under m\u00e6rket &#8220;Naturligvis&#8221;. Denne serie af planter byder p\u00e5 tomater, peberfrugter, agurker, squash, to slags melonplanter og en gr\u00e6skarplante.<\/span><\/p>\n<\/div>\n<p>[\/et_pb_text][et_pb_image src=&#8221;https:\/\/51487.dk\/wp-content\/uploads\/2023\/07\/logo-krydderhaven_sort_hvid-150&#215;150.png&#8221; title_text=&#8221;logo krydderhaven_sort_hvid&#8221; align=&#8221;center&#8221; _builder_version=&#8221;4.21.0&#8243; _module_preset=&#8221;default&#8221; global_colors_info=&#8221;{}&#8221;][\/et_pb_image][et_pb_text _builder_version=&#8221;4.21.0&#8243; _module_preset=&#8221;default&#8221; text_text_color=&#8221;#FFFFFF&#8221; text_font_size=&#8221;25px&#8221; global_colors_info=&#8221;{}&#8221;]<\/p>\n<h3 style=\"text-align: center;\"><a href=\"http:\/\/www.krydderhaven.dk\" target=\"_blank\" rel=\"noopener\">BES\u00d8G KRYDDERHAVEN<\/a><\/h3>\n<p>[\/et_pb_text][\/et_pb_column][\/et_pb_row][et_pb_row _builder_version=&#8221;4.21.0&#8243; _module_preset=&#8221;default&#8221; global_colors_info=&#8221;{}&#8221;][et_pb_column type=&#8221;4_4&#8243; _builder_version=&#8221;4.21.0&#8243; _module_preset=&#8221;default&#8221; global_colors_info=&#8221;{}&#8221;][et_pb_divider _builder_version=&#8221;4.21.0&#8243; _module_preset=&#8221;default&#8221; global_colors_info=&#8221;{}&#8221;][\/et_pb_divider][\/et_pb_column][\/et_pb_row][et_pb_row column_structure=&#8221;1_3,1_3,1_3&#8243; _builder_version=&#8221;4.21.0&#8243; _module_preset=&#8221;default&#8221; custom_padding=&#8221;43px|||||&#8221; global_colors_info=&#8221;{}&#8221;][et_pb_column type=&#8221;1_3&#8243; _builder_version=&#8221;4.21.0&#8243; _module_preset=&#8221;default&#8221; global_colors_info=&#8221;{}&#8221;][et_pb_text admin_label=&#8221;Hypoestes&#8221; _builder_version=&#8221;4.21.0&#8243; _module_preset=&#8221;default&#8221; global_colors_info=&#8221;{}&#8221;]<\/p>\n<h2 style=\"text-align: center;\">HYPOESTES<\/h2>\n<p>[\/et_pb_text][et_pb_image src=&#8221;https:\/\/51487.dk\/wp-content\/uploads\/2023\/07\/Hyp-1.jpg&#8221; title_text=&#8221;Hyp-1&#8243; _builder_version=&#8221;4.21.0&#8243; _module_preset=&#8221;default&#8221; border_radii=&#8221;on|842px|842px|842px|842px&#8221; border_color_all=&#8221;#016BBC&#8221; box_shadow_style=&#8221;preset1&#8243; global_colors_info=&#8221;{}&#8221;][\/et_pb_image][et_pb_button button_url=&#8221;@ET-DC@eyJkeW5hbWljIjp0cnVlLCJjb250ZW50IjoicG9zdF9saW5rX3VybF9wYWdlIiwic2V0dGluZ3MiOnsicG9zdF9pZCI6IjEzNiJ9fQ==@&#8221; button_text=&#8221;GALLERI&#8221; button_alignment=&#8221;center&#8221; _builder_version=&#8221;4.21.0&#8243; _dynamic_attributes=&#8221;button_url&#8221; _module_preset=&#8221;default&#8221; custom_button=&#8221;on&#8221; button_text_color=&#8221;#FFFFFF&#8221; button_bg_color=&#8221;#016BBC&#8221; button_border_radius=&#8221;30px&#8221; button_letter_spacing=&#8221;4px&#8221; button_icon=&#8221;&#xe006;||divi||400&#8243; global_colors_info=&#8221;{}&#8221;][\/et_pb_button][\/et_pb_column][et_pb_column type=&#8221;1_3&#8243; _builder_version=&#8221;4.21.0&#8243; _module_preset=&#8221;default&#8221; global_colors_info=&#8221;{}&#8221;][et_pb_text admin_label=&#8221;Primula&#8221; _builder_version=&#8221;4.21.0&#8243; _module_preset=&#8221;default&#8221; global_colors_info=&#8221;{}&#8221;]<\/p>\n<h2 style=\"text-align: center;\">PRIMULA<\/h2>\n<p>[\/et_pb_text][et_pb_image src=&#8221;https:\/\/51487.dk\/wp-content\/uploads\/2023\/07\/primula-2.jpg&#8221; title_text=&#8221;primula-2&#8243; _builder_version=&#8221;4.21.0&#8243; _module_preset=&#8221;default&#8221; border_radii=&#8221;on|842px|842px|842px|842px&#8221; border_color_all=&#8221;#016BBC&#8221; box_shadow_style=&#8221;preset1&#8243; global_colors_info=&#8221;{}&#8221;][\/et_pb_image][et_pb_button button_url=&#8221;@ET-DC@eyJkeW5hbWljIjp0cnVlLCJjb250ZW50IjoicG9zdF9saW5rX3VybF9wYWdlIiwic2V0dGluZ3MiOnsicG9zdF9pZCI6IjE2MSJ9fQ==@&#8221; button_text=&#8221;GALLERI&#8221; button_alignment=&#8221;center&#8221; _builder_version=&#8221;4.21.0&#8243; _dynamic_attributes=&#8221;button_url&#8221; _module_preset=&#8221;default&#8221; custom_button=&#8221;on&#8221; button_text_color=&#8221;#FFFFFF&#8221; button_bg_color=&#8221;#016BBC&#8221; button_border_radius=&#8221;30px&#8221; button_letter_spacing=&#8221;4px&#8221; button_icon=&#8221;&#xe006;||divi||400&#8243; global_colors_info=&#8221;{}&#8221;][\/et_pb_button][\/et_pb_column][et_pb_column type=&#8221;1_3&#8243; _builder_version=&#8221;4.21.0&#8243; _module_preset=&#8221;default&#8221; global_colors_info=&#8221;{}&#8221;][et_pb_text admin_label=&#8221;Calceolaria&#8221; _builder_version=&#8221;4.21.0&#8243; _module_preset=&#8221;default&#8221; global_colors_info=&#8221;{}&#8221;]<\/p>\n<h2 style=\"text-align: center;\">CALCEOLARIA<\/h2>\n<p>[\/et_pb_text][et_pb_image src=&#8221;https:\/\/51487.dk\/wp-content\/uploads\/2023\/07\/calceolaria-2.jpg&#8221; title_text=&#8221;calceolaria-2&#8243; _builder_version=&#8221;4.21.0&#8243; _module_preset=&#8221;default&#8221; border_radii=&#8221;on|842px|842px|842px|842px&#8221; border_color_all=&#8221;#016BBC&#8221; box_shadow_style=&#8221;preset1&#8243; global_colors_info=&#8221;{}&#8221;][\/et_pb_image][et_pb_button button_url=&#8221;@ET-DC@eyJkeW5hbWljIjp0cnVlLCJjb250ZW50IjoicG9zdF9saW5rX3VybF9wYWdlIiwic2V0dGluZ3MiOnsicG9zdF9pZCI6IjE2MCJ9fQ==@&#8221; button_text=&#8221;GALLERI&#8221; button_alignment=&#8221;center&#8221; _builder_version=&#8221;4.21.0&#8243; _dynamic_attributes=&#8221;button_url&#8221; _module_preset=&#8221;default&#8221; custom_button=&#8221;on&#8221; button_text_color=&#8221;#FFFFFF&#8221; button_bg_color=&#8221;#016BBC&#8221; button_border_radius=&#8221;30px&#8221; button_letter_spacing=&#8221;4px&#8221; button_icon=&#8221;&#xe006;||divi||400&#8243; global_colors_info=&#8221;{}&#8221;][\/et_pb_button][\/et_pb_column][\/et_pb_row][et_pb_row column_structure=&#8221;1_3,1_3,1_3&#8243; _builder_version=&#8221;4.21.0&#8243; _module_preset=&#8221;default&#8221; custom_padding=&#8221;43px|||||&#8221; global_colors_info=&#8221;{}&#8221;][et_pb_column type=&#8221;1_3&#8243; _builder_version=&#8221;4.21.0&#8243; _module_preset=&#8221;default&#8221; global_colors_info=&#8221;{}&#8221;][et_pb_text admin_label=&#8221;Nicotiana&#8221; _builder_version=&#8221;4.21.0&#8243; _module_preset=&#8221;default&#8221; global_colors_info=&#8221;{}&#8221;]<\/p>\n<h2 style=\"text-align: center;\">NICOTIANA<\/h2>\n<p>[\/et_pb_text][et_pb_image src=&#8221;https:\/\/51487.dk\/wp-content\/uploads\/2023\/07\/Nicotiana_2.jpg&#8221; title_text=&#8221;Nicotiana_2&#8243; _builder_version=&#8221;4.21.0&#8243; _module_preset=&#8221;default&#8221; border_radii=&#8221;on|842px|842px|842px|842px&#8221; border_color_all=&#8221;#016BBC&#8221; box_shadow_style=&#8221;preset1&#8243; global_colors_info=&#8221;{}&#8221;][\/et_pb_image][et_pb_button button_url=&#8221;@ET-DC@eyJkeW5hbWljIjp0cnVlLCJjb250ZW50IjoicG9zdF9saW5rX3VybF9wYWdlIiwic2V0dGluZ3MiOnsicG9zdF9pZCI6IjE1OSJ9fQ==@&#8221; button_text=&#8221;GALLERI&#8221; button_alignment=&#8221;center&#8221; _builder_version=&#8221;4.21.0&#8243; _dynamic_attributes=&#8221;button_url&#8221; _module_preset=&#8221;default&#8221; custom_button=&#8221;on&#8221; button_text_color=&#8221;#FFFFFF&#8221; button_bg_color=&#8221;#016BBC&#8221; button_border_radius=&#8221;30px&#8221; button_letter_spacing=&#8221;4px&#8221; button_icon=&#8221;&#xe006;||divi||400&#8243; global_colors_info=&#8221;{}&#8221;][\/et_pb_button][\/et_pb_column][et_pb_column type=&#8221;1_3&#8243; _builder_version=&#8221;4.21.0&#8243; _module_preset=&#8221;default&#8221; global_colors_info=&#8221;{}&#8221;][et_pb_text admin_label=&#8221;Antirrhinum&#8221; _builder_version=&#8221;4.21.0&#8243; _module_preset=&#8221;default&#8221; global_colors_info=&#8221;{}&#8221;]<\/p>\n<h2 style=\"text-align: center;\">ANTIRRHINUM<\/h2>\n<p>[\/et_pb_text][et_pb_image src=&#8221;https:\/\/51487.dk\/wp-content\/uploads\/2023\/07\/Antirrhinum_2.jpg&#8221; title_text=&#8221;Antirrhinum_2&#8243; _builder_version=&#8221;4.21.0&#8243; _module_preset=&#8221;default&#8221; border_radii=&#8221;on|842px|842px|842px|842px&#8221; border_color_all=&#8221;#016BBC&#8221; box_shadow_style=&#8221;preset1&#8243; global_colors_info=&#8221;{}&#8221;][\/et_pb_image][et_pb_button button_url=&#8221;@ET-DC@eyJkeW5hbWljIjp0cnVlLCJjb250ZW50IjoicG9zdF9saW5rX3VybF9wYWdlIiwic2V0dGluZ3MiOnsicG9zdF9pZCI6IjE1NyJ9fQ==@&#8221; button_text=&#8221;GALLERI&#8221; button_alignment=&#8221;center&#8221; _builder_version=&#8221;4.21.0&#8243; _dynamic_attributes=&#8221;button_url&#8221; _module_preset=&#8221;default&#8221; custom_button=&#8221;on&#8221; button_text_color=&#8221;#FFFFFF&#8221; button_bg_color=&#8221;#016BBC&#8221; button_border_radius=&#8221;30px&#8221; button_letter_spacing=&#8221;4px&#8221; button_icon=&#8221;&#xe006;||divi||400&#8243; global_colors_info=&#8221;{}&#8221;][\/et_pb_button][\/et_pb_column][et_pb_column type=&#8221;1_3&#8243; _builder_version=&#8221;4.21.0&#8243; _module_preset=&#8221;default&#8221; global_colors_info=&#8221;{}&#8221;][et_pb_text admin_label=&#8221;Viola&#8221; _builder_version=&#8221;4.21.0&#8243; _module_preset=&#8221;default&#8221; global_colors_info=&#8221;{}&#8221;]<\/p>\n<h2 style=\"text-align: center;\">VIOLA<\/h2>\n<p>[\/et_pb_text][et_pb_image src=&#8221;https:\/\/51487.dk\/wp-content\/uploads\/2023\/07\/Viola.jpg&#8221; title_text=&#8221;Viola&#8221; _builder_version=&#8221;4.21.0&#8243; _module_preset=&#8221;default&#8221; border_radii=&#8221;on|842px|842px|842px|842px&#8221; border_color_all=&#8221;#016BBC&#8221; box_shadow_style=&#8221;preset1&#8243; global_colors_info=&#8221;{}&#8221;][\/et_pb_image][et_pb_button button_url=&#8221;@ET-DC@eyJkeW5hbWljIjp0cnVlLCJjb250ZW50IjoicG9zdF9saW5rX3VybF9wYWdlIiwic2V0dGluZ3MiOnsicG9zdF9pZCI6IjMxMiJ9fQ==@&#8221; button_text=&#8221;GALLERI&#8221; button_alignment=&#8221;center&#8221; _builder_version=&#8221;4.21.0&#8243; _dynamic_attributes=&#8221;button_url&#8221; _module_preset=&#8221;default&#8221; custom_button=&#8221;on&#8221; button_text_color=&#8221;#FFFFFF&#8221; button_bg_color=&#8221;#016BBC&#8221; button_border_radius=&#8221;30px&#8221; button_letter_spacing=&#8221;4px&#8221; button_icon=&#8221;&#xe006;||divi||400&#8243; global_colors_info=&#8221;{}&#8221;][\/et_pb_button][\/et_pb_column][\/et_pb_row][et_pb_row _builder_version=&#8221;4.21.0&#8243; _module_preset=&#8221;default&#8221; global_colors_info=&#8221;{}&#8221;][et_pb_column type=&#8221;4_4&#8243; _builder_version=&#8221;4.21.0&#8243; _module_preset=&#8221;default&#8221; global_colors_info=&#8221;{}&#8221;][et_pb_divider _builder_version=&#8221;4.21.0&#8243; _module_preset=&#8221;default&#8221; global_colors_info=&#8221;{}&#8221;][\/et_pb_divider][\/et_pb_column][\/et_pb_row][\/et_pb_section][et_pb_section fb_built=&#8221;1&#8243; _builder_version=&#8221;4.21.0&#8243; _module_preset=&#8221;default&#8221; global_colors_info=&#8221;{}&#8221; custom_padding=&#8221;||0px|||&#8221;][et_pb_row column_structure=&#8221;1_3,1_3,1_3&#8243; _builder_version=&#8221;4.21.0&#8243; _module_preset=&#8221;default&#8221; global_colors_info=&#8221;{}&#8221;][et_pb_column type=&#8221;1_3&#8243; _builder_version=&#8221;4.21.0&#8243; _module_preset=&#8221;default&#8221; global_colors_info=&#8221;{}&#8221;][et_pb_image src=&#8221;https:\/\/51487.dk\/wp-content\/uploads\/2023\/07\/trae.png&#8221; title_text=&#8221;trae&#8221; _builder_version=&#8221;4.21.0&#8243; _module_preset=&#8221;default&#8221; global_colors_info=&#8221;{}&#8221;][\/et_pb_image][\/et_pb_column][et_pb_column type=&#8221;1_3&#8243; _builder_version=&#8221;4.21.0&#8243; _module_preset=&#8221;default&#8221; global_colors_info=&#8221;{}&#8221;][et_pb_text _builder_version=&#8221;4.21.0&#8243; _module_preset=&#8221;default&#8221; global_colors_info=&#8221;{}&#8221;]<\/p>\n<h1>Naturligvis<\/h1>\n<h3>Vi s\u00e6tter milj\u00f8 i h\u00f8js\u00e6det<\/h3>\n<p>Vi har altid milj\u00f8et med i alle faser i gartneriet. Lige fra indk\u00f8b af fr\u00f8 og sm\u00e5planter til produktionen af vore mange produkter. Vi anvender prim\u00e6rt biologisk til bek\u00e6mpelse af sygdomme. Vores g\u00f8dning og vores jord er det t\u00e6tteste vi kan komme p\u00e5 ren natur. Derfor har vi ogs\u00e5 valgt at kalde vores spiselige planter for &#8220;Naturligvis&#8221;. Vi b\u00e5de s\u00e6lger dem og spiser dem med god samvittighed.\u00a0<\/p>\n<p>Vi er selvf\u00f8lgelig MPS certificeret<\/p>\n<p>[\/et_pb_text][\/et_pb_column][et_pb_column type=&#8221;1_3&#8243; _builder_version=&#8221;4.21.0&#8243; _module_preset=&#8221;default&#8221; global_colors_info=&#8221;{}&#8221;][et_pb_image src=&#8221;https:\/\/51487.dk\/wp-content\/uploads\/2023\/07\/Vignet_hyp-016BBC-227&#215;300.png&#8221; title_text=&#8221;Vignet_hyp-#016BBC&#8221; _builder_version=&#8221;4.21.0&#8243; _module_preset=&#8221;default&#8221; global_colors_info=&#8221;{}&#8221;][\/et_pb_image][\/et_pb_column][\/et_pb_row][\/et_pb_section]<\/p>\n","protected":false},"excerpt":{"rendered":"<p>Family Plants tilbyder en bred vifte\u00a0af b\u00e5de prydplanter og spiselige planter Family Plants producerer Hypoestes hele \u00e5ret rundt. S\u00e6sonen fra januar til april \u00a0Primula malacoides (Syrenprimula), Antirrhinum (L\u00f8vemund) og Nicotiana (Prydtobak), Calceolaria (T\u00f8ffelblomst) og Viola Cornutta (Hornviol). Under varem\u00e6rket &#8220;Krydderhaven&#8221; produceres en bred vifte af krydderurter. \u00a0Det seneste er en serie gr\u00f8ntsagsplanter, der s\u00e6lges under [&hellip;]<\/p>\n","protected":false},"author":2,"featured_media":0,"parent":0,"menu_order":0,"comment_status":"closed","ping_status":"closed","template":"","meta":{"_et_pb_use_builder":"on","_et_pb_old_content":"","_et_gb_content_width":"","footnotes":""},"class_list":["post-32","page","type-page","status-publish","hentry"],"_links":{"self":[{"href":"https:\/\/51487.dk\/index.php?rest_route=\/wp\/v2\/pages\/32","targetHints":{"allow":["GET"]}}],"collection":[{"href":"https:\/\/51487.dk\/index.php?rest_route=\/wp\/v2\/pages"}],"about":[{"href":"https:\/\/51487.dk\/index.php?rest_route=\/wp\/v2\/types\/page"}],"author":[{"embeddable":true,"href":"https:\/\/51487.dk\/index.php?rest_route=\/wp\/v2\/users\/2"}],"replies":[{"embeddable":true,"href":"https:\/\/51487.dk\/index.php?rest_route=%2Fwp%2Fv2%2Fcomments&post=32"}],"version-history":[{"count":27,"href":"https:\/\/51487.dk\/index.php?rest_route=\/wp\/v2\/pages\/32\/revisions"}],"predecessor-version":[{"id":555,"href":"https:\/\/51487.dk\/index.php?rest_route=\/wp\/v2\/pages\/32\/revisions\/555"}],"wp:attachment":[{"href":"https:\/\/51487.dk\/index.php?rest_route=%2Fwp%2Fv2%2Fmedia&parent=32"}],"curies":[{"name":"wp","href":"https:\/\/api.w.org\/{rel}","templated":true}]}}